{"id":4539,"date":"2019-08-08T18:31:22","date_gmt":"2019-08-08T21:31:22","guid":{"rendered":"https:\/\/www.mundohidraulico.cl\/tienda\/?post_type=product&#038;p=4539"},"modified":"2024-04-03T14:05:03","modified_gmt":"2024-04-03T17:05:03","slug":"bomba-periferica-6","status":"publish","type":"product","link":"https:\/\/www.mundohidraulico.cl\/tienda\/product\/bomba-periferica-6\/","title":{"rendered":"BOMBA PERIFERICA BAICO 0.5HP"},"content":{"rendered":"<p>MARCA BAICO<\/p>\n<p>MODELO: PR 50M<\/p>\n<p>POTENCIA : 0.5HP 220V<\/p>\n<p>CONSUMO : 2.4 AMP<\/p>\n<p>CAUDAL MAXIMO: 30 L\/MIN<\/p>\n<p>ALTURA MAXIMA : 33 MCA<\/p>\n<p>CONEXION : 1&#8243;<\/p>\n<p>ORIGEN : ESPA\u00d1A<\/p>\n<p>GARANTIA : 2 A\u00d1OS<\/p>\n<p>Adecuada para el uso dom\u00e9stico, como el aumento de presi\u00f3n de la red de agua potable, t\u00edpicamente automatizada con kit hidroneum\u00e1tico o controlador electr\u00f3nico. S\u00f3lo debe bombear agua limpia libre de impurezas.<\/p>\n","protected":false},"excerpt":{"rendered":"<p>MARCA BAICO MODELO: PR 50M POTENCIA : 0.5HP 220V CONSUMO : 2.4 AMP CAUDAL MAXIMO: 30 L\/MIN ALTURA MAXIMA : 33 MCA CONEXION : 1&#8243; ORIGEN : ESPA\u00d1A GARANTIA : 2 A\u00d1OS Adecuada para el uso dom\u00e9stico, como el aumento de presi\u00f3n de la red de agua potable, t\u00edpicamente automatizada con kit hidroneum\u00e1tico o controlador [&hellip;]<\/p>\n","protected":false},"featured_media":4540,"comment_status":"open","ping_status":"closed","template":"","meta":{"site-sidebar-layout":"default","site-content-layout":"","ast-site-content-layout":"default","site-content-style":"default","site-sidebar-style":"default","ast-global-header-display":"","ast-banner-title-visibility":"","ast-main-header-display":"","ast-hfb-above-header-display":"","ast-hfb-below-header-display":"","ast-hfb-mobile-header-display":"","site-post-title":"","ast-breadcrumbs-content":"","ast-featured-img":"","footer-sml-layout":"","ast-disable-related-posts":"","theme-transparent-header-meta":"","adv-header-id-meta":"","stick-header-meta":"","header-above-stick-meta":"","header-main-stick-meta":"","header-below-stick-meta":"","astra-migrate-meta-layouts":"default","ast-page-background-enabled":"default","ast-page-background-meta":{"desktop":{"background-color":"","background-image":"","background-repeat":"repeat","background-position":"center center","background-size":"auto","background-attachment":"scroll","background-type":"","background-media":"","overlay-type":"","overlay-color":"","overlay-opacity":"","overlay-gradient":""},"tablet":{"background-color":"","background-image":"","background-repeat":"repeat","background-position":"center center","background-size":"auto","background-attachment":"scroll","background-type":"","background-media":"","overlay-type":"","overlay-color":"","overlay-opacity":"","overlay-gradient":""},"mobile":{"background-color":"","background-image":"","background-repeat":"repeat","background-position":"center center","background-size":"auto","background-attachment":"scroll","background-type":"","background-media":"","overlay-type":"","overlay-color":"","overlay-opacity":"","overlay-gradient":""}},"ast-content-background-meta":{"desktop":{"background-color":"var(--ast-global-color-5)","background-image":"","background-repeat":"repeat","background-position":"center center","background-size":"auto","background-attachment":"scroll","background-type":"","background-media":"","overlay-type":"","overlay-color":"","overlay-opacity":"","overlay-gradient":""},"tablet":{"background-color":"var(--ast-global-color-5)","background-image":"","background-repeat":"repeat","background-position":"center center","background-size":"auto","background-attachment":"scroll","background-type":"","background-media":"","overlay-type":"","overlay-color":"","overlay-opacity":"","overlay-gradient":""},"mobile":{"background-color":"var(--ast-global-color-5)","background-image":"","background-repeat":"repeat","background-position":"center center","background-size":"auto","background-attachment":"scroll","background-type":"","background-media":"","overlay-type":"","overlay-color":"","overlay-opacity":"","overlay-gradient":""}}},"product_brand":[],"product_cat":[45,47],"product_tag":[],"class_list":{"0":"post-4539","1":"product","2":"type-product","3":"status-publish","4":"has-post-thumbnail","6":"product_cat-bombas-superficies","7":"product_cat-periferica","8":"desktop-align-left","9":"tablet-align-left","10":"mobile-align-left","12":"first","13":"instock","14":"sale","15":"shipping-taxable","16":"purchasable","17":"product-type-simple"},"_links":{"self":[{"href":"https:\/\/www.mundohidraulico.cl\/tienda\/wp-json\/wp\/v2\/product\/4539","targetHints":{"allow":["GET"]}}],"collection":[{"href":"https:\/\/www.mundohidraulico.cl\/tienda\/wp-json\/wp\/v2\/product"}],"about":[{"href":"https:\/\/www.mundohidraulico.cl\/tienda\/wp-json\/wp\/v2\/types\/product"}],"replies":[{"embeddable":true,"href":"https:\/\/www.mundohidraulico.cl\/tienda\/wp-json\/wp\/v2\/comments?post=4539"}],"wp:featuredmedia":[{"embeddable":true,"href":"https:\/\/www.mundohidraulico.cl\/tienda\/wp-json\/wp\/v2\/media\/4540"}],"wp:attachment":[{"href":"https:\/\/www.mundohidraulico.cl\/tienda\/wp-json\/wp\/v2\/media?parent=4539"}],"wp:term":[{"taxonomy":"product_brand","embeddable":true,"href":"https:\/\/www.mundohidraulico.cl\/tienda\/wp-json\/wp\/v2\/product_brand?post=4539"},{"taxonomy":"product_cat","embeddable":true,"href":"https:\/\/www.mundohidraulico.cl\/tienda\/wp-json\/wp\/v2\/product_cat?post=4539"},{"taxonomy":"product_tag","embeddable":true,"href":"https:\/\/www.mundohidraulico.cl\/tienda\/wp-json\/wp\/v2\/product_tag?post=4539"}],"curies":[{"name":"wp","href":"https:\/\/api.w.org\/{rel}","templated":true}]}}