{"id":15118,"date":"2024-11-26T11:39:00","date_gmt":"2024-11-26T14:39:00","guid":{"rendered":"https:\/\/www.mundohidraulico.cl\/tienda\/?post_type=product&#038;p=15118"},"modified":"2025-03-11T12:42:46","modified_gmt":"2025-03-11T15:42:46","slug":"flotador-tipo-fideo-150-cms","status":"publish","type":"product","link":"https:\/\/www.mundohidraulico.cl\/tienda\/product\/flotador-tipo-fideo-150-cms\/","title":{"rendered":"FLOTADOR TIPO FIDEO 150 CMS"},"content":{"rendered":"<p>Flotador Tallar\u00edn de 1.50 Mts y 6cm de di\u00e1metro, en distintos colores, es un accesorio de espuma que a\u00f1ade diversi\u00f3n a tus momentos en la piscina.<\/p>\n<p>Caracter\u00edsticas Destacadas:<\/p>\n<p>Aumenta la Diversi\u00f3n: Este flotador de espuma est\u00e1 dise\u00f1ado para mejorar la diversi\u00f3n en la piscina. Ya sea en una piscina regular o temperada, este accesorio liviano y c\u00f3modo es perfecto para flotar y disfrutar.<\/p>\n<p>Ligero y F\u00e1cil de Usar: Su dise\u00f1o inteligente lo hace f\u00e1cil de manipular, y su peso y tama\u00f1o son ideales para llevarlo contigo a donde sea que desees nadar.<\/p>\n<p>Colores Vibrantes: El flotador est\u00e1 disponible en varios colores vibrantes, que a\u00f1aden un toque de diversi\u00f3n y estilo a tus momentos en la piscina. (Colores sujetos a disponibilidad)<\/p>\n<p>Especificaciones:<\/p>\n<p>Tama\u00f1o: 0.60 x 1.5 metros<br \/>\nMaterial: Espuma<br \/>\nColores: Sujeto a disponibilidad<\/p>\n<p>El Flotador Tallar\u00edn es el complemento perfecto para tus d\u00edas de piscina. Este accesorio de espuma ligero y f\u00e1cil de usar te permite flotar con comodidad y estilo en cualquier piscina.<\/p>\n<p>\u00a1A\u00f1ade emoci\u00f3n a tus momentos en el agua con el Flotador Tallar\u00edn! Con su dise\u00f1o vers\u00e1til y colores llamativos, tu experiencia en la piscina ser\u00e1 \u00fanica. Tu pr\u00f3xima aventura en la piscina est\u00e1 a solo un paso de distancia.<\/p>\n","protected":false},"excerpt":{"rendered":"<p>Flotador Tallar\u00edn de 1.50 Mts y 6cm de di\u00e1metro, en distintos colores, es un accesorio de espuma que a\u00f1ade diversi\u00f3n a tus momentos en la piscina. Caracter\u00edsticas Destacadas: Aumenta la Diversi\u00f3n: Este flotador de espuma est\u00e1 dise\u00f1ado para mejorar la diversi\u00f3n en la piscina. Ya sea en una piscina regular o temperada, este accesorio liviano [&hellip;]<\/p>\n","protected":false},"featured_media":15119,"comment_status":"closed","ping_status":"closed","template":"","meta":{"site-sidebar-layout":"default","site-content-layout":"default","ast-site-content-layout":"default","site-content-style":"default","site-sidebar-style":"default","ast-global-header-display":"","ast-banner-title-visibility":"","ast-main-header-display":"","ast-hfb-above-header-display":"","ast-hfb-below-header-display":"","ast-hfb-mobile-header-display":"","site-post-title":"","ast-breadcrumbs-content":"","ast-featured-img":"","footer-sml-layout":"","ast-disable-related-posts":"","theme-transparent-header-meta":"","adv-header-id-meta":"","stick-header-meta":"","header-above-stick-meta":"","header-main-stick-meta":"","header-below-stick-meta":"","astra-migrate-meta-layouts":"default","ast-page-background-enabled":"default","ast-page-background-meta":{"desktop":{"background-color":"","background-image":"","background-repeat":"repeat","background-position":"center center","background-size":"auto","background-attachment":"scroll","background-type":"","background-media":"","overlay-type":"","overlay-color":"","overlay-opacity":"","overlay-gradient":""},"tablet":{"background-color":"","background-image":"","background-repeat":"repeat","background-position":"center center","background-size":"auto","background-attachment":"scroll","background-type":"","background-media":"","overlay-type":"","overlay-color":"","overlay-opacity":"","overlay-gradient":""},"mobile":{"background-color":"","background-image":"","background-repeat":"repeat","background-position":"center center","background-size":"auto","background-attachment":"scroll","background-type":"","background-media":"","overlay-type":"","overlay-color":"","overlay-opacity":"","overlay-gradient":""}},"ast-content-background-meta":{"desktop":{"background-color":"var(--ast-global-color-5)","background-image":"","background-repeat":"repeat","background-position":"center center","background-size":"auto","background-attachment":"scroll","background-type":"","background-media":"","overlay-type":"","overlay-color":"","overlay-opacity":"","overlay-gradient":""},"tablet":{"background-color":"var(--ast-global-color-5)","background-image":"","background-repeat":"repeat","background-position":"center center","background-size":"auto","background-attachment":"scroll","background-type":"","background-media":"","overlay-type":"","overlay-color":"","overlay-opacity":"","overlay-gradient":""},"mobile":{"background-color":"var(--ast-global-color-5)","background-image":"","background-repeat":"repeat","background-position":"center center","background-size":"auto","background-attachment":"scroll","background-type":"","background-media":"","overlay-type":"","overlay-color":"","overlay-opacity":"","overlay-gradient":""}}},"product_brand":[],"product_cat":[81],"product_tag":[],"class_list":{"0":"post-15118","1":"product","2":"type-product","3":"status-publish","4":"has-post-thumbnail","6":"product_cat-otros","7":"desktop-align-left","8":"tablet-align-left","9":"mobile-align-left","11":"first","12":"outofstock","13":"shipping-taxable","14":"purchasable","15":"product-type-simple"},"_links":{"self":[{"href":"https:\/\/www.mundohidraulico.cl\/tienda\/wp-json\/wp\/v2\/product\/15118","targetHints":{"allow":["GET"]}}],"collection":[{"href":"https:\/\/www.mundohidraulico.cl\/tienda\/wp-json\/wp\/v2\/product"}],"about":[{"href":"https:\/\/www.mundohidraulico.cl\/tienda\/wp-json\/wp\/v2\/types\/product"}],"replies":[{"embeddable":true,"href":"https:\/\/www.mundohidraulico.cl\/tienda\/wp-json\/wp\/v2\/comments?post=15118"}],"wp:featuredmedia":[{"embeddable":true,"href":"https:\/\/www.mundohidraulico.cl\/tienda\/wp-json\/wp\/v2\/media\/15119"}],"wp:attachment":[{"href":"https:\/\/www.mundohidraulico.cl\/tienda\/wp-json\/wp\/v2\/media?parent=15118"}],"wp:term":[{"taxonomy":"product_brand","embeddable":true,"href":"https:\/\/www.mundohidraulico.cl\/tienda\/wp-json\/wp\/v2\/product_brand?post=15118"},{"taxonomy":"product_cat","embeddable":true,"href":"https:\/\/www.mundohidraulico.cl\/tienda\/wp-json\/wp\/v2\/product_cat?post=15118"},{"taxonomy":"product_tag","embeddable":true,"href":"https:\/\/www.mundohidraulico.cl\/tienda\/wp-json\/wp\/v2\/product_tag?post=15118"}],"curies":[{"name":"wp","href":"https:\/\/api.w.org\/{rel}","templated":true}]}}