{"id":15116,"date":"2024-11-26T11:32:04","date_gmt":"2024-11-26T14:32:04","guid":{"rendered":"https:\/\/www.mundohidraulico.cl\/tienda\/?post_type=product&#038;p=15116"},"modified":"2025-03-27T19:51:52","modified_gmt":"2025-03-27T22:51:52","slug":"cartucho-filtro-piscina-tipo-2","status":"publish","type":"product","link":"https:\/\/www.mundohidraulico.cl\/tienda\/product\/cartucho-filtro-piscina-tipo-2\/","title":{"rendered":"CARTUCHO FILTRO PISCINA TIPO 2"},"content":{"rendered":"<p>Cartucho Repuesto (Il)\u00a0 bomba de 2006 A 3028 Lts.<\/p>\n<p>Mant\u00e9n el agua de la piscina impoluta con el cartucho de filtro tipo II.<\/p>\n<p>Este cartucho de repuesto est\u00e1 dise\u00f1ado para bombas con caudales de 220-240 V, 2006-3028 L (530-800 gal) por hora y mide 10,6 cm x 13,60 cm (4,2 in x 5,4 in).<\/p>\n<p>Estos filtros cuelan la suciedad, los aceites y los peque\u00f1os residuos de la piscina para mantenerla siempre en las condiciones \u00f3ptimas.<\/p>\n<p>Uso:<\/p>\n<p>Limpia el filtro seg\u00fan sea necesario con una manguera de jard\u00edn o simplemente c\u00e1mbialo cada 2 semanas para obtener los mejores resultados. As\u00ed podr\u00e1s disfrutar en todo momento de una piscina limpia, a la vez que prolongas la vida \u00fatil de esta y de la bomba.<\/p>\n<p>* Dimensiones: Altura136 mm x 106 mm de Di\u00e1metro<\/p>\n<p>*Peso: 0.2 kg<\/p>\n<p>*Capacidad: Los pliegues de papel atrapan m\u00e1s suciedad y residuos para prolongar la vida \u00fatil de la piscina y de la bomba. Compatible con bombas de filtraci\u00f3n de 220-240 V, 2006-3028 L (530-800 gal)<\/p>\n<p>* Cartucho de repuesto para: 220\u2022 240V ~ \/ 12V ~ 2,006 L (530 gal.) Y 3,028 L (800 gal.) Por hora bombas de filtro<\/p>\n","protected":false},"excerpt":{"rendered":"<p>Cartucho Repuesto (Il)\u00a0 bomba de 2006 A 3028 Lts. Mant\u00e9n el agua de la piscina impoluta con el cartucho de filtro tipo II. Este cartucho de repuesto est\u00e1 dise\u00f1ado para bombas con caudales de 220-240 V, 2006-3028 L (530-800 gal) por hora y mide 10,6 cm x 13,60 cm (4,2 in x 5,4 in). Estos [&hellip;]<\/p>\n","protected":false},"featured_media":15117,"comment_status":"closed","ping_status":"closed","template":"","meta":{"site-sidebar-layout":"default","site-content-layout":"default","ast-site-content-layout":"default","site-content-style":"default","site-sidebar-style":"default","ast-global-header-display":"","ast-banner-title-visibility":"","ast-main-header-display":"","ast-hfb-above-header-display":"","ast-hfb-below-header-display":"","ast-hfb-mobile-header-display":"","site-post-title":"","ast-breadcrumbs-content":"","ast-featured-img":"","footer-sml-layout":"","ast-disable-related-posts":"","theme-transparent-header-meta":"","adv-header-id-meta":"","stick-header-meta":"","header-above-stick-meta":"","header-main-stick-meta":"","header-below-stick-meta":"","astra-migrate-meta-layouts":"default","ast-page-background-enabled":"default","ast-page-background-meta":{"desktop":{"background-color":"","background-image":"","background-repeat":"repeat","background-position":"center center","background-size":"auto","background-attachment":"scroll","background-type":"","background-media":"","overlay-type":"","overlay-color":"","overlay-opacity":"","overlay-gradient":""},"tablet":{"background-color":"","background-image":"","background-repeat":"repeat","background-position":"center center","background-size":"auto","background-attachment":"scroll","background-type":"","background-media":"","overlay-type":"","overlay-color":"","overlay-opacity":"","overlay-gradient":""},"mobile":{"background-color":"","background-image":"","background-repeat":"repeat","background-position":"center center","background-size":"auto","background-attachment":"scroll","background-type":"","background-media":"","overlay-type":"","overlay-color":"","overlay-opacity":"","overlay-gradient":""}},"ast-content-background-meta":{"desktop":{"background-color":"var(--ast-global-color-5)","background-image":"","background-repeat":"repeat","background-position":"center center","background-size":"auto","background-attachment":"scroll","background-type":"","background-media":"","overlay-type":"","overlay-color":"","overlay-opacity":"","overlay-gradient":""},"tablet":{"background-color":"var(--ast-global-color-5)","background-image":"","background-repeat":"repeat","background-position":"center center","background-size":"auto","background-attachment":"scroll","background-type":"","background-media":"","overlay-type":"","overlay-color":"","overlay-opacity":"","overlay-gradient":""},"mobile":{"background-color":"var(--ast-global-color-5)","background-image":"","background-repeat":"repeat","background-position":"center center","background-size":"auto","background-attachment":"scroll","background-type":"","background-media":"","overlay-type":"","overlay-color":"","overlay-opacity":"","overlay-gradient":""}}},"product_brand":[],"product_cat":[61],"product_tag":[],"class_list":{"0":"post-15116","1":"product","2":"type-product","3":"status-publish","4":"has-post-thumbnail","6":"product_cat-mantenimiento-y-limpieza","7":"desktop-align-left","8":"tablet-align-left","9":"mobile-align-left","11":"first","12":"instock","13":"shipping-taxable","14":"purchasable","15":"product-type-simple"},"_links":{"self":[{"href":"https:\/\/www.mundohidraulico.cl\/tienda\/wp-json\/wp\/v2\/product\/15116","targetHints":{"allow":["GET"]}}],"collection":[{"href":"https:\/\/www.mundohidraulico.cl\/tienda\/wp-json\/wp\/v2\/product"}],"about":[{"href":"https:\/\/www.mundohidraulico.cl\/tienda\/wp-json\/wp\/v2\/types\/product"}],"replies":[{"embeddable":true,"href":"https:\/\/www.mundohidraulico.cl\/tienda\/wp-json\/wp\/v2\/comments?post=15116"}],"wp:featuredmedia":[{"embeddable":true,"href":"https:\/\/www.mundohidraulico.cl\/tienda\/wp-json\/wp\/v2\/media\/15117"}],"wp:attachment":[{"href":"https:\/\/www.mundohidraulico.cl\/tienda\/wp-json\/wp\/v2\/media?parent=15116"}],"wp:term":[{"taxonomy":"product_brand","embeddable":true,"href":"https:\/\/www.mundohidraulico.cl\/tienda\/wp-json\/wp\/v2\/product_brand?post=15116"},{"taxonomy":"product_cat","embeddable":true,"href":"https:\/\/www.mundohidraulico.cl\/tienda\/wp-json\/wp\/v2\/product_cat?post=15116"},{"taxonomy":"product_tag","embeddable":true,"href":"https:\/\/www.mundohidraulico.cl\/tienda\/wp-json\/wp\/v2\/product_tag?post=15116"}],"curies":[{"name":"wp","href":"https:\/\/api.w.org\/{rel}","templated":true}]}}