{"id":15113,"date":"2024-11-26T11:27:12","date_gmt":"2024-11-26T14:27:12","guid":{"rendered":"https:\/\/www.mundohidraulico.cl\/tienda\/?post_type=product&#038;p=15113"},"modified":"2026-01-07T10:16:44","modified_gmt":"2026-01-07T13:16:44","slug":"ionizador-solar-150m3","status":"publish","type":"product","link":"https:\/\/www.mundohidraulico.cl\/tienda\/product\/ionizador-solar-150m3\/","title":{"rendered":"IONIZADOR SOLAR  150M3"},"content":{"rendered":"<p>Ionizador Solar Homeclaf, soluci\u00f3n confiable y amigable con el medio ambiente<\/p>\n<p>Purificaci\u00f3n efectiva:<br \/>\nPurifica hasta 150 m3 de agua.<br \/>\nElimina virus, bacterias y algas.<br \/>\nReduce el uso de cloro hasta en un 70%<\/p>\n<p>Mejora la calidad del agua:<br \/>\nIones de cobre letales para microorganismos.<br \/>\nCaptura el calcio y magnesio causantes del sarro.<\/p>\n<p>F\u00e1cil instalaci\u00f3n y uso:<br \/>\nTotalmente autom\u00e1tico e independiente del sistema de filtrado.<br \/>\nFunciona con energ\u00eda solar.<br \/>\nNo requiere instalaci\u00f3n.<\/p>\n<p>Especificaciones t\u00e9cnicas:<br \/>\nDi\u00e1metro: 21 cm.<br \/>\nPeso: 2 kg.<br \/>\nPermite un ba\u00f1o saludable, seguro y sano. No m\u00e1s ojos rojos, ni piel reseca luego de ba\u00f1arse, no m\u00e1s olores desagradables, ni efectos nocivos del cloro.<\/p>\n<p>Totalmente autom\u00e1tico e independiente del sistema de filtrado, es capaz de ionizar hasta 150m3 de agua, incluso para ionizar 2 piscinas de hasta 45m3. Con electrodo de verdadera aleaci\u00f3n de cobre y otros metales ultra puros, tiene una duraci\u00f3n de hasta 3 a\u00f1os. Econ\u00f3mico y solo toma un minuto cambiarlo.<\/p>\n<p>Funciona con energ\u00eda solar y de forma totalmente independiente al sistema de filtrado.<\/p>\n<p>Ablanda el agua capturando el calcio y el magnesio causantes de la dureza (sarro). Incluye todo lo necesario para operar debidamente. Cumple con las normas internacionales de Underwriters Laboratories y National Sanitor Foundation de EE.UU. Incluye cepillo y l\u00edquido de limpieza.<br \/>\n+10 a\u00f1os de vida \u00fatil.<\/p>\n","protected":false},"excerpt":{"rendered":"<p>Ionizador Solar Homeclaf, soluci\u00f3n confiable y amigable con el medio ambiente Purificaci\u00f3n efectiva: Purifica hasta 150 m3 de agua. Elimina virus, bacterias y algas. Reduce el uso de cloro hasta en un 70% Mejora la calidad del agua: Iones de cobre letales para microorganismos. Captura el calcio y magnesio causantes del sarro. F\u00e1cil instalaci\u00f3n y [&hellip;]<\/p>\n","protected":false},"featured_media":15114,"comment_status":"closed","ping_status":"closed","template":"","meta":{"site-sidebar-layout":"default","site-content-layout":"default","ast-site-content-layout":"default","site-content-style":"default","site-sidebar-style":"default","ast-global-header-display":"","ast-banner-title-visibility":"","ast-main-header-display":"","ast-hfb-above-header-display":"","ast-hfb-below-header-display":"","ast-hfb-mobile-header-display":"","site-post-title":"","ast-breadcrumbs-content":"","ast-featured-img":"","footer-sml-layout":"","ast-disable-related-posts":"","theme-transparent-header-meta":"","adv-header-id-meta":"","stick-header-meta":"","header-above-stick-meta":"","header-main-stick-meta":"","header-below-stick-meta":"","astra-migrate-meta-layouts":"default","ast-page-background-enabled":"default","ast-page-background-meta":{"desktop":{"background-color":"","background-image":"","background-repeat":"repeat","background-position":"center center","background-size":"auto","background-attachment":"scroll","background-type":"","background-media":"","overlay-type":"","overlay-color":"","overlay-opacity":"","overlay-gradient":""},"tablet":{"background-color":"","background-image":"","background-repeat":"repeat","background-position":"center center","background-size":"auto","background-attachment":"scroll","background-type":"","background-media":"","overlay-type":"","overlay-color":"","overlay-opacity":"","overlay-gradient":""},"mobile":{"background-color":"","background-image":"","background-repeat":"repeat","background-position":"center center","background-size":"auto","background-attachment":"scroll","background-type":"","background-media":"","overlay-type":"","overlay-color":"","overlay-opacity":"","overlay-gradient":""}},"ast-content-background-meta":{"desktop":{"background-color":"var(--ast-global-color-5)","background-image":"","background-repeat":"repeat","background-position":"center center","background-size":"auto","background-attachment":"scroll","background-type":"","background-media":"","overlay-type":"","overlay-color":"","overlay-opacity":"","overlay-gradient":""},"tablet":{"background-color":"var(--ast-global-color-5)","background-image":"","background-repeat":"repeat","background-position":"center center","background-size":"auto","background-attachment":"scroll","background-type":"","background-media":"","overlay-type":"","overlay-color":"","overlay-opacity":"","overlay-gradient":""},"mobile":{"background-color":"var(--ast-global-color-5)","background-image":"","background-repeat":"repeat","background-position":"center center","background-size":"auto","background-attachment":"scroll","background-type":"","background-media":"","overlay-type":"","overlay-color":"","overlay-opacity":"","overlay-gradient":""}}},"product_brand":[],"product_cat":[50,61],"product_tag":[],"class_list":{"0":"post-15113","1":"product","2":"type-product","3":"status-publish","4":"has-post-thumbnail","6":"product_cat-estanques-hidroneumaticos","7":"product_cat-mantenimiento-y-limpieza","8":"desktop-align-left","9":"tablet-align-left","10":"mobile-align-left","12":"first","13":"outofstock","14":"shipping-taxable","15":"purchasable","16":"product-type-simple"},"_links":{"self":[{"href":"https:\/\/www.mundohidraulico.cl\/tienda\/wp-json\/wp\/v2\/product\/15113","targetHints":{"allow":["GET"]}}],"collection":[{"href":"https:\/\/www.mundohidraulico.cl\/tienda\/wp-json\/wp\/v2\/product"}],"about":[{"href":"https:\/\/www.mundohidraulico.cl\/tienda\/wp-json\/wp\/v2\/types\/product"}],"replies":[{"embeddable":true,"href":"https:\/\/www.mundohidraulico.cl\/tienda\/wp-json\/wp\/v2\/comments?post=15113"}],"wp:featuredmedia":[{"embeddable":true,"href":"https:\/\/www.mundohidraulico.cl\/tienda\/wp-json\/wp\/v2\/media\/15114"}],"wp:attachment":[{"href":"https:\/\/www.mundohidraulico.cl\/tienda\/wp-json\/wp\/v2\/media?parent=15113"}],"wp:term":[{"taxonomy":"product_brand","embeddable":true,"href":"https:\/\/www.mundohidraulico.cl\/tienda\/wp-json\/wp\/v2\/product_brand?post=15113"},{"taxonomy":"product_cat","embeddable":true,"href":"https:\/\/www.mundohidraulico.cl\/tienda\/wp-json\/wp\/v2\/product_cat?post=15113"},{"taxonomy":"product_tag","embeddable":true,"href":"https:\/\/www.mundohidraulico.cl\/tienda\/wp-json\/wp\/v2\/product_tag?post=15113"}],"curies":[{"name":"wp","href":"https:\/\/api.w.org\/{rel}","templated":true}]}}