{"id":15111,"date":"2024-11-26T11:17:56","date_gmt":"2024-11-26T14:17:56","guid":{"rendered":"https:\/\/www.mundohidraulico.cl\/tienda\/?post_type=product&#038;p=15111"},"modified":"2026-01-07T10:16:58","modified_gmt":"2026-01-07T13:16:58","slug":"kit-bomba-y-filtro-piscina-estructural","status":"publish","type":"product","link":"https:\/\/www.mundohidraulico.cl\/tienda\/product\/kit-bomba-y-filtro-piscina-estructural\/","title":{"rendered":"KIT  BOMBA Y FILTRO PISCINA ESTRUCTURAL"},"content":{"rendered":"<p>Bomba de piscina y filtro de polietileno de alta densidad para piscinas dom\u00e9sticas de superficie, tinajas de madera y filtraci\u00f3n de de fuentes de agua.<\/p>\n<p>Dep\u00f3sito en polietileno de alta densidad con protecci\u00f3n ultravioleta para la utilizaci\u00f3n del mismo bajo los rayos del sol.<\/p>\n<p>Conexi\u00f3n bomba y filtro 50mm<\/p>\n<p>Presi\u00f3n m\u00e1x.: 2 Bar\/28 PSI.<br \/>\nTemperatura m\u00e1x.: 40\u00baC\/104\u00baF.<br \/>\nDi\u00e1metro de arena: 0,5\/0,8mm.<\/p>\n<p>Bomba de 1\/3 HP y el conjunto puede filtrar 3000 l\/h.<br \/>\nEl filtro usa 15 kilos de cuarzo (no incluido)<\/p>\n","protected":false},"excerpt":{"rendered":"<p>Bomba de piscina y filtro de polietileno de alta densidad para piscinas dom\u00e9sticas de superficie, tinajas de madera y filtraci\u00f3n de de fuentes de agua. Dep\u00f3sito en polietileno de alta densidad con protecci\u00f3n ultravioleta para la utilizaci\u00f3n del mismo bajo los rayos del sol. Conexi\u00f3n bomba y filtro 50mm Presi\u00f3n m\u00e1x.: 2 Bar\/28 PSI. Temperatura [&hellip;]<\/p>\n","protected":false},"featured_media":15112,"comment_status":"closed","ping_status":"closed","template":"","meta":{"site-sidebar-layout":"default","site-content-layout":"default","ast-site-content-layout":"default","site-content-style":"default","site-sidebar-style":"default","ast-global-header-display":"","ast-banner-title-visibility":"","ast-main-header-display":"","ast-hfb-above-header-display":"","ast-hfb-below-header-display":"","ast-hfb-mobile-header-display":"","site-post-title":"","ast-breadcrumbs-content":"","ast-featured-img":"","footer-sml-layout":"","ast-disable-related-posts":"","theme-transparent-header-meta":"","adv-header-id-meta":"","stick-header-meta":"","header-above-stick-meta":"","header-main-stick-meta":"","header-below-stick-meta":"","astra-migrate-meta-layouts":"default","ast-page-background-enabled":"default","ast-page-background-meta":{"desktop":{"background-color":"","background-image":"","background-repeat":"repeat","background-position":"center center","background-size":"auto","background-attachment":"scroll","background-type":"","background-media":"","overlay-type":"","overlay-color":"","overlay-opacity":"","overlay-gradient":""},"tablet":{"background-color":"","background-image":"","background-repeat":"repeat","background-position":"center center","background-size":"auto","background-attachment":"scroll","background-type":"","background-media":"","overlay-type":"","overlay-color":"","overlay-opacity":"","overlay-gradient":""},"mobile":{"background-color":"","background-image":"","background-repeat":"repeat","background-position":"center center","background-size":"auto","background-attachment":"scroll","background-type":"","background-media":"","overlay-type":"","overlay-color":"","overlay-opacity":"","overlay-gradient":""}},"ast-content-background-meta":{"desktop":{"background-color":"var(--ast-global-color-5)","background-image":"","background-repeat":"repeat","background-position":"center center","background-size":"auto","background-attachment":"scroll","background-type":"","background-media":"","overlay-type":"","overlay-color":"","overlay-opacity":"","overlay-gradient":""},"tablet":{"background-color":"var(--ast-global-color-5)","background-image":"","background-repeat":"repeat","background-position":"center center","background-size":"auto","background-attachment":"scroll","background-type":"","background-media":"","overlay-type":"","overlay-color":"","overlay-opacity":"","overlay-gradient":""},"mobile":{"background-color":"var(--ast-global-color-5)","background-image":"","background-repeat":"repeat","background-position":"center center","background-size":"auto","background-attachment":"scroll","background-type":"","background-media":"","overlay-type":"","overlay-color":"","overlay-opacity":"","overlay-gradient":""}}},"product_brand":[],"product_cat":[56],"product_tag":[],"class_list":{"0":"post-15111","1":"product","2":"type-product","3":"status-publish","4":"has-post-thumbnail","6":"product_cat-kits","7":"desktop-align-left","8":"tablet-align-left","9":"mobile-align-left","11":"first","12":"outofstock","13":"shipping-taxable","14":"purchasable","15":"product-type-simple"},"_links":{"self":[{"href":"https:\/\/www.mundohidraulico.cl\/tienda\/wp-json\/wp\/v2\/product\/15111","targetHints":{"allow":["GET"]}}],"collection":[{"href":"https:\/\/www.mundohidraulico.cl\/tienda\/wp-json\/wp\/v2\/product"}],"about":[{"href":"https:\/\/www.mundohidraulico.cl\/tienda\/wp-json\/wp\/v2\/types\/product"}],"replies":[{"embeddable":true,"href":"https:\/\/www.mundohidraulico.cl\/tienda\/wp-json\/wp\/v2\/comments?post=15111"}],"wp:featuredmedia":[{"embeddable":true,"href":"https:\/\/www.mundohidraulico.cl\/tienda\/wp-json\/wp\/v2\/media\/15112"}],"wp:attachment":[{"href":"https:\/\/www.mundohidraulico.cl\/tienda\/wp-json\/wp\/v2\/media?parent=15111"}],"wp:term":[{"taxonomy":"product_brand","embeddable":true,"href":"https:\/\/www.mundohidraulico.cl\/tienda\/wp-json\/wp\/v2\/product_brand?post=15111"},{"taxonomy":"product_cat","embeddable":true,"href":"https:\/\/www.mundohidraulico.cl\/tienda\/wp-json\/wp\/v2\/product_cat?post=15111"},{"taxonomy":"product_tag","embeddable":true,"href":"https:\/\/www.mundohidraulico.cl\/tienda\/wp-json\/wp\/v2\/product_tag?post=15111"}],"curies":[{"name":"wp","href":"https:\/\/api.w.org\/{rel}","templated":true}]}}