{"id":15109,"date":"2024-11-25T17:15:11","date_gmt":"2024-11-25T20:15:11","guid":{"rendered":"https:\/\/www.mundohidraulico.cl\/tienda\/?post_type=product&#038;p=15109"},"modified":"2026-01-07T10:17:13","modified_gmt":"2026-01-07T13:17:13","slug":"sulfato-cobre-500g","status":"publish","type":"product","link":"https:\/\/www.mundohidraulico.cl\/tienda\/product\/sulfato-cobre-500g\/","title":{"rendered":"SULFATO COBRE 500G"},"content":{"rendered":"<p>El sulfato de cobre es un producto que requiere manejo cuidadoso debido a su toxicidad. Es crucial conocer los l\u00edmites de concentraci\u00f3n de este qu\u00edmico al utilizarlo, generalmente permitida hasta 1 mg\/l, expresado en Cu. Es esencial seguir las instrucciones del fabricante y no exceder la cantidad recomendada. Se sugiere el uso de guantes como protecci\u00f3n.<\/p>\n<p>En jardiner\u00eda, se aplica el sulfato de cobre por aspersi\u00f3n en la parte a\u00e9rea de las plantas, tanto en la superficie superior como inferior de las hojas para mayor efectividad. Para su uso, se debe preparar una mezcla de 20 gramos de sulfato de cobre por cada litro de agua, que luego se coloca en un rociador.<\/p>\n","protected":false},"excerpt":{"rendered":"<p>El sulfato de cobre es un producto que requiere manejo cuidadoso debido a su toxicidad. Es crucial conocer los l\u00edmites de concentraci\u00f3n de este qu\u00edmico al utilizarlo, generalmente permitida hasta 1 mg\/l, expresado en Cu. Es esencial seguir las instrucciones del fabricante y no exceder la cantidad recomendada. Se sugiere el uso de guantes como [&hellip;]<\/p>\n","protected":false},"featured_media":15110,"comment_status":"closed","ping_status":"closed","template":"","meta":{"site-sidebar-layout":"default","site-content-layout":"default","ast-site-content-layout":"default","site-content-style":"default","site-sidebar-style":"default","ast-global-header-display":"","ast-banner-title-visibility":"","ast-main-header-display":"","ast-hfb-above-header-display":"","ast-hfb-below-header-display":"","ast-hfb-mobile-header-display":"","site-post-title":"","ast-breadcrumbs-content":"","ast-featured-img":"","footer-sml-layout":"","ast-disable-related-posts":"","theme-transparent-header-meta":"","adv-header-id-meta":"","stick-header-meta":"","header-above-stick-meta":"","header-main-stick-meta":"","header-below-stick-meta":"","astra-migrate-meta-layouts":"default","ast-page-background-enabled":"default","ast-page-background-meta":{"desktop":{"background-color":"","background-image":"","background-repeat":"repeat","background-position":"center center","background-size":"auto","background-attachment":"scroll","background-type":"","background-media":"","overlay-type":"","overlay-color":"","overlay-opacity":"","overlay-gradient":""},"tablet":{"background-color":"","background-image":"","background-repeat":"repeat","background-position":"center center","background-size":"auto","background-attachment":"scroll","background-type":"","background-media":"","overlay-type":"","overlay-color":"","overlay-opacity":"","overlay-gradient":""},"mobile":{"background-color":"","background-image":"","background-repeat":"repeat","background-position":"center center","background-size":"auto","background-attachment":"scroll","background-type":"","background-media":"","overlay-type":"","overlay-color":"","overlay-opacity":"","overlay-gradient":""}},"ast-content-background-meta":{"desktop":{"background-color":"var(--ast-global-color-5)","background-image":"","background-repeat":"repeat","background-position":"center center","background-size":"auto","background-attachment":"scroll","background-type":"","background-media":"","overlay-type":"","overlay-color":"","overlay-opacity":"","overlay-gradient":""},"tablet":{"background-color":"var(--ast-global-color-5)","background-image":"","background-repeat":"repeat","background-position":"center center","background-size":"auto","background-attachment":"scroll","background-type":"","background-media":"","overlay-type":"","overlay-color":"","overlay-opacity":"","overlay-gradient":""},"mobile":{"background-color":"var(--ast-global-color-5)","background-image":"","background-repeat":"repeat","background-position":"center center","background-size":"auto","background-attachment":"scroll","background-type":"","background-media":"","overlay-type":"","overlay-color":"","overlay-opacity":"","overlay-gradient":""}}},"product_brand":[],"product_cat":[80],"product_tag":[],"class_list":{"0":"post-15109","1":"product","2":"type-product","3":"status-publish","4":"has-post-thumbnail","6":"product_cat-quimicos","7":"desktop-align-left","8":"tablet-align-left","9":"mobile-align-left","11":"first","12":"outofstock","13":"shipping-taxable","14":"purchasable","15":"product-type-simple"},"_links":{"self":[{"href":"https:\/\/www.mundohidraulico.cl\/tienda\/wp-json\/wp\/v2\/product\/15109","targetHints":{"allow":["GET"]}}],"collection":[{"href":"https:\/\/www.mundohidraulico.cl\/tienda\/wp-json\/wp\/v2\/product"}],"about":[{"href":"https:\/\/www.mundohidraulico.cl\/tienda\/wp-json\/wp\/v2\/types\/product"}],"replies":[{"embeddable":true,"href":"https:\/\/www.mundohidraulico.cl\/tienda\/wp-json\/wp\/v2\/comments?post=15109"}],"wp:featuredmedia":[{"embeddable":true,"href":"https:\/\/www.mundohidraulico.cl\/tienda\/wp-json\/wp\/v2\/media\/15110"}],"wp:attachment":[{"href":"https:\/\/www.mundohidraulico.cl\/tienda\/wp-json\/wp\/v2\/media?parent=15109"}],"wp:term":[{"taxonomy":"product_brand","embeddable":true,"href":"https:\/\/www.mundohidraulico.cl\/tienda\/wp-json\/wp\/v2\/product_brand?post=15109"},{"taxonomy":"product_cat","embeddable":true,"href":"https:\/\/www.mundohidraulico.cl\/tienda\/wp-json\/wp\/v2\/product_cat?post=15109"},{"taxonomy":"product_tag","embeddable":true,"href":"https:\/\/www.mundohidraulico.cl\/tienda\/wp-json\/wp\/v2\/product_tag?post=15109"}],"curies":[{"name":"wp","href":"https:\/\/api.w.org\/{rel}","templated":true}]}}